{"id":1527,"date":"2024-10-02T21:03:36","date_gmt":"2024-10-02T18:03:36","guid":{"rendered":"https:\/\/www.uzturbg.com\/demo\/?page_id=1527"},"modified":"2024-10-14T01:37:11","modified_gmt":"2024-10-13T22:37:11","slug":"makine-teknisyeni","status":"publish","type":"page","link":"https:\/\/www.uzturbg.com\/tr\/hizmetlerimiz\/makine-teknisyeni\/","title":{"rendered":"Makine Teknisyeni"},"content":{"rendered":"\t\t<div data-elementor-type=\"wp-page\" data-elementor-id=\"1527\" class=\"elementor elementor-1527\" data-elementor-post-type=\"page\">\n\t\t\t\t\t\t<section class=\"elementor-section elementor-top-section elementor-element elementor-element-aa1c0d4 elementor-section-full_width elementor-section-height-default elementor-section-height-default\" data-id=\"aa1c0d4\" data-element_type=\"section\" data-e-type=\"section\">\n\t\t\t\t\t\t<div class=\"elementor-container elementor-column-gap-default\">\n\t\t\t\t\t<div class=\"elementor-column elementor-col-100 elementor-top-column elementor-element elementor-element-609b584\" data-id=\"609b584\" data-element_type=\"column\" data-e-type=\"column\">\n\t\t\t<div class=\"elementor-widget-wrap elementor-element-populated\">\n\t\t\t\t\t\t<div class=\"elementor-element elementor-element-30414d4 elementor-widget elementor-widget-colaz_service_detial\" data-id=\"30414d4\" data-element_type=\"widget\" data-e-type=\"widget\" data-widget_type=\"colaz_service_detial.default\">\n\t\t\t\t<div class=\"elementor-widget-container\">\n\t\t\t\t\t\t\r\n\t<!-- Sidebar Page Container -->\r\n    <section class=\"sidebar-page-container\">\r\n    \t<div class=\"auto-container\">\r\n        \t<div class=\"row clearfix\">\r\n\t\t\t\t\t\t\t\t<!-- Sidebar Side -->\r\n                <div class=\"sidebar-side left-sidebar col-lg-4 col-md-12 col-sm-12\">\r\n                \t<aside class=\"sidebar sticky-top\">\r\n\t\t\t\t\t\t<div id=\"nav_menu-5\" class=\"service-widget sidebar-widget widget_nav_menu\"><div class=\"menu-service-menu-container\"><ul id=\"menu-service-menu\" class=\"menu\"><li id=\"menu-item-1333\" class=\"menu-item menu-item-type-post_type menu-item-object-page menu-item-1333\"><a href=\"https:\/\/www.uzturbg.com\/tr\/hizmetlerimiz\/garson\/\">Garson<\/a><\/li>\n<li id=\"menu-item-1337\" class=\"menu-item menu-item-type-post_type menu-item-object-page menu-item-1337\"><a href=\"https:\/\/www.uzturbg.com\/tr\/hizmetlerimiz\/asci\/\">A\u015f\u00e7\u0131<\/a><\/li>\n<li id=\"menu-item-1349\" class=\"menu-item menu-item-type-post_type menu-item-object-page menu-item-1349\"><a href=\"https:\/\/www.uzturbg.com\/tr\/hizmetlerimiz\/hizmetci\/\">Hizmet\u00e7i<\/a><\/li>\n<li id=\"menu-item-1353\" class=\"menu-item menu-item-type-post_type menu-item-object-page menu-item-1353\"><a href=\"https:\/\/www.uzturbg.com\/tr\/hizmetlerimiz\/barmen\/\">Barmen<\/a><\/li>\n<li id=\"menu-item-1361\" class=\"menu-item menu-item-type-post_type menu-item-object-page menu-item-1361\"><a href=\"https:\/\/www.uzturbg.com\/tr\/hizmetlerimiz\/bulasikci\/\">Bula\u015f\u0131k\u00e7\u0131<\/a><\/li>\n<li id=\"menu-item-1553\" class=\"menu-item menu-item-type-post_type menu-item-object-page menu-item-1553\"><a href=\"https:\/\/www.uzturbg.com\/tr\/hizmetlerimiz\/insaatci\/\">\u0130n\u015faat\u00e7\u0131<\/a><\/li>\n<li id=\"menu-item-1317\" class=\"menu-item menu-item-type-post_type menu-item-object-page menu-item-1317\"><a href=\"https:\/\/www.uzturbg.com\/tr\/hizmetlerimiz\/elektrikci\/\">Elektrik\u00e7i<\/a><\/li>\n<li id=\"menu-item-1308\" class=\"menu-item menu-item-type-post_type menu-item-object-page menu-item-1308\"><a href=\"https:\/\/www.uzturbg.com\/tr\/hizmetlerimiz\/tesisatci\/\">Tesisat\u00e7\u0131<\/a><\/li>\n<li id=\"menu-item-1325\" class=\"menu-item menu-item-type-post_type menu-item-object-page menu-item-1325\"><a href=\"https:\/\/www.uzturbg.com\/tr\/hizmetlerimiz\/asansorcu\/\">Asans\u00f6rc\u00fc<\/a><\/li>\n<li id=\"menu-item-1300\" class=\"menu-item menu-item-type-post_type menu-item-object-page menu-item-1300\"><a href=\"https:\/\/www.uzturbg.com\/tr\/hizmetlerimiz\/kaynakci\/\">Kaynak\u00e7\u0131<\/a><\/li>\n<li id=\"menu-item-937\" class=\"menu-item menu-item-type-post_type menu-item-object-page menu-item-937\"><a href=\"https:\/\/www.uzturbg.com\/tr\/hizmetlerimiz\/web-design\/\">T\u0131r \u015e\u00f6f\u00f6r\u00fc<\/a><\/li>\n<li id=\"menu-item-1542\" class=\"menu-item menu-item-type-post_type menu-item-object-page menu-item-1542\"><a href=\"https:\/\/www.uzturbg.com\/tr\/hizmetlerimiz\/oto-tamircisi\/\">Oto Tamircisi<\/a><\/li>\n<li id=\"menu-item-1535\" class=\"menu-item menu-item-type-post_type menu-item-object-page menu-item-1535\"><a href=\"https:\/\/www.uzturbg.com\/tr\/hizmetlerimiz\/makine-teknisyeni\/\">Makine Teknisyeni<\/a><\/li>\n<li id=\"menu-item-1292\" class=\"menu-item menu-item-type-post_type menu-item-object-page menu-item-1292\"><a href=\"https:\/\/www.uzturbg.com\/tr\/hizmetlerimiz\/tornaci\/\">Tornac\u0131<\/a><\/li>\n<li id=\"menu-item-1385\" class=\"menu-item menu-item-type-post_type menu-item-object-page menu-item-1385\"><a href=\"https:\/\/www.uzturbg.com\/tr\/hizmetlerimiz\/mobilyaci\/\">Mobilyac\u0131<\/a><\/li>\n<li id=\"menu-item-1377\" class=\"menu-item menu-item-type-post_type menu-item-object-page menu-item-1377\"><a href=\"https:\/\/www.uzturbg.com\/tr\/hizmetlerimiz\/marangoz\/\">Marangoz<\/a><\/li>\n<li id=\"menu-item-1276\" class=\"menu-item menu-item-type-post_type menu-item-object-page menu-item-1276\"><a href=\"https:\/\/www.uzturbg.com\/tr\/hizmetlerimiz\/hemsire\/\">Hem\u015fire<\/a><\/li>\n<li id=\"menu-item-1284\" class=\"menu-item menu-item-type-post_type menu-item-object-page menu-item-1284\"><a href=\"https:\/\/www.uzturbg.com\/tr\/hizmetlerimiz\/hasta-bakici\/\">Hasta Bak\u0131c\u0131<\/a><\/li>\n<li id=\"menu-item-1369\" class=\"menu-item menu-item-type-post_type menu-item-object-page menu-item-1369\"><a href=\"https:\/\/www.uzturbg.com\/tr\/hizmetlerimiz\/terzi\/\">Terzi<\/a><\/li>\n<li id=\"menu-item-1393\" class=\"menu-item menu-item-type-post_type menu-item-object-page menu-item-1393\"><a href=\"https:\/\/www.uzturbg.com\/tr\/hizmetlerimiz\/bicerdover-operatoru\/\">Bi\u00e7erd\u00f6ver Operat\u00f6r\u00fc<\/a><\/li>\n<li id=\"menu-item-1401\" class=\"menu-item menu-item-type-post_type menu-item-object-page menu-item-1401\"><a href=\"https:\/\/www.uzturbg.com\/tr\/hizmetlerimiz\/traktor-operatoru\/\">Trakt\u00f6r Operat\u00f6r\u00fc<\/a><\/li>\n<\/ul><\/div><\/div>\t\t\t\t\t<\/aside>\r\n\t\t\t\t<\/div>\r\n\t\t\t\t\t\t\t\t<!-- Content Side -->\r\n                <div class=\"content-side right-sidebar col-lg-8 col-md-12 col-sm-12 \">\r\n\t\t\t\t\t<div class=\"service-detail\">\r\n\t\t\t\t\t\t<div class=\"inner-box\">\r\n\t\t\t\t\t\t\t\t\t\t\t\t\t\t\t<p>UzturBG ile Do\u011fru Makine Teknisyenini veya \u0130\u015fi Bulun!\nMakine teknisyeni misiniz ya da i\u015fletmeniz i\u00e7in nitelikli teknisyenler mi ar\u0131yorsunuz? UzturBG, hem i\u015f arayan profesyonellere hem de makine teknisyeni arayan firmalara g\u00fcvenilir \u00e7\u00f6z\u00fcmler sunuyor. Geni\u015f i\u015f a\u011f\u0131, tecr\u00fcbeli ekipler ve \u00f6zelle\u015ftirilmi\u015f hizmetlerimizle Bulgaristan\u2019da kariyer f\u0131rsatlar\u0131n\u0131 veya do\u011fru \u00e7al\u0131\u015fan\u0131 bulman\u0131z art\u0131k \u00e7ok daha kolay. \u015eimdi bize kat\u0131l\u0131n, hedeflerinize h\u0131zla ula\u015f\u0131n!<\/p>                            \t\t\t\t\t\t\t<h3>\u0130\u015f arayan makine teknisyenleri<\/h3>\t\t\t\t\t\t\t<p>E\u011fer makine teknisyeni olarak yeni i\u015f f\u0131rsatlar\u0131 ar\u0131yorsan\u0131z, UzturBG size en do\u011fru adresi sunuyor. Geni\u015f i\u015f a\u011f\u0131 ve i\u015fbirliklerimiz sayesinde Bulgaristan\u2019da yeteneklerinizi de\u011ferlendirebilece\u011finiz bir\u00e7ok sekt\u00f6rde i\u015f imkan\u0131 bulabilirsiniz. \u0130ster \u00fcretim, ister bak\u0131m-onar\u0131m alan\u0131nda uzman olun, deneyiminize ve becerilerinize uygun i\u015fleri size sunuyoruz. Hemen ba\u015fvurun, kariyerinizde yeni bir sayfa a\u00e7\u0131n!\n\n<br><br>Makine Teknisyeni Arayan \u0130\u015fverenler \u0130\u00e7in:\n\n<br><br>UzturBG olarak, i\u015fletmenizin ihtiya\u00e7 duydu\u011fu yetkin makine teknisyenlerini size sunuyoruz. Y\u00fcksek beceri seviyesine sahip, deneyimli ve i\u015finin ehli teknisyenlerle tan\u0131\u015farak \u00fcretim ve bak\u0131m s\u00fcre\u00e7lerinizi h\u0131zland\u0131rabilir, verimlili\u011fi art\u0131rabilirsiniz. Sekt\u00f6rdeki tecr\u00fcbemiz ve aday havuzumuz sayesinde en uygun \u00e7al\u0131\u015fanlar\u0131 k\u0131sa s\u00fcrede i\u015fletmenize kazand\u0131r\u0131yoruz. Bizimle ileti\u015fime ge\u00e7in, i\u015fletmenizin ba\u015far\u0131s\u0131n\u0131 bir ad\u0131m \u00f6teye ta\u015f\u0131y\u0131n!<\/p>\t\t\t\t\t\t\t<div class=\"row clearfix\">\r\n\t\t\t\t\t\t\t\t                                <!-- Column -->\r\n\t\t\t\t\t\t\t\t<div class=\"column col-lg-6 col-md-6 col-sm-12\">\r\n\t\t\t\t\t\t\t\t\t                                                                        \r\n                                    \t\t\t\t\t\t\t\t\t\r\n\t\t\t\t\t\t\t\t<\/div>\r\n\t\t\t\t\t\t\t\t\t\t\t\t\t\t\t<\/div>\r\n                            \t\t\t\t\t\t\t<div class=\"image\">\r\n\t\t\t\t\t\t\t\t<img decoding=\"async\" src=\"https:\/\/www.uzturbg.com\/wp-content\/uploads\/2024\/10\/business-industry-technology-people-and-tech-eng-2023-11-27-05-31-09-utc-scaled.jpg\" alt=\"M\u00fcthi\u015f G\u00f6r\u00fcnt\u00fc\" \/>\r\n\t\t\t\t\t\t\t<\/div>\r\n                                                        \t\t\t\t\t\t\t\t\t\t\t\t\t\t                            <div class=\"ratio-text\">\r\n\t\t\t\t\t\t\t\t\t\t\t\t\t\t\t\t\n\t\t\t\t\t\t\t<\/div>\r\n                            \t\t\t\t\t\t\t\t\t\t\t\t\t<\/div>\r\n\t\t\t\t\t<\/div>\r\n\t\t\t\t<\/div>\r\n\t\t\t\t\r\n\t\t\t<\/div>\r\n\t\t<\/div>\r\n\t<\/section>\r\n\t<!-- End Sidebar Page Container -->\r\n      \r\n    \t\t\t\t<\/div>\n\t\t\t\t<\/div>\n\t\t\t\t\t<\/div>\n\t\t<\/div>\n\t\t\t\t\t<\/div>\n\t\t<\/section>\n\t\t\t\t<section class=\"elementor-section elementor-top-section elementor-element elementor-element-7806406 elementor-section-full_width elementor-section-height-default elementor-section-height-default\" data-id=\"7806406\" data-element_type=\"section\" data-e-type=\"section\">\n\t\t\t\t\t\t<div class=\"elementor-container elementor-column-gap-default\">\n\t\t\t\t\t<div class=\"elementor-column elementor-col-100 elementor-top-column elementor-element elementor-element-182bc1a\" data-id=\"182bc1a\" data-element_type=\"column\" data-e-type=\"column\">\n\t\t\t<div class=\"elementor-widget-wrap elementor-element-populated\">\n\t\t\t\t\t\t<div class=\"elementor-element elementor-element-6544a00 elementor-widget elementor-widget-colaz_cta_v2\" data-id=\"6544a00\" data-element_type=\"widget\" data-e-type=\"widget\" data-widget_type=\"colaz_cta_v2.default\">\n\t\t\t\t<div class=\"elementor-widget-container\">\n\t\t\t\t\t\t\r\n\t<!-- CTA Section Two -->\r\n\t<section class=\"cta-section-two\">\r\n\t  \t\t\t<div class=\"pattern-layer\" style=\"background-image: url(https:\/\/www.uzturbg.com\/wp-content\/uploads\/2022\/12\/pattern-4-4.png)\"><\/div>\r\n\t\t\t\t<div class=\"auto-container\">\r\n\t\t\t<div class=\"d-flex justify-content-between align-items-center flex-wrap\">\r\n\t\t\t  <h2>Daha detayl\u0131 bilgi i\u00e7in  <br> bize ula\u015f\u0131n !<\/h2>\t\t\t   \r\n\t\t\t\t<!-- Button Box -->\r\n\t\t\t\t\t\t\t\t<div class=\"button-box\">\r\n\t\t\t\t\t<a class=\"btn-style-two theme-btn\" href=\"https:\/\/www.uzturbg.com\/iletisim\/\"><span class=\"txt\">\u0130LET\u0130\u015e\u0130M<\/span><\/a>\r\n\t\t\t\t<\/div>\r\n\t\t\t\t  \r\n\t\t\t<\/div>\r\n\t\t<\/div>\r\n\t<\/section>\r\n\t<!-- End CTA Section Two -->\r\n\t\r\n\t \t\t\t\t<\/div>\n\t\t\t\t<\/div>\n\t\t\t\t\t<\/div>\n\t\t<\/div>\n\t\t\t\t\t<\/div>\n\t\t<\/section>\n\t\t\t\t<\/div>\n\t\t","protected":false},"excerpt":{"rendered":"<p>Hizmetlerimiz Garson A\u015f\u00e7\u0131 Hizmet\u00e7i Barmen Bula\u015f\u0131k\u00e7\u0131 \u0130n\u015faat\u00e7\u0131 Elektrik\u00e7i Tesisat\u00e7\u0131 Asans\u00f6rc\u00fc Kaynak\u00e7\u0131 T\u0131r \u015e\u00f6f\u00f6r\u00fc Oto Tamircisi Makine Teknisyeni Tornac\u0131 Mobilyac\u0131 Marangoz Hem\u015fire Hasta Bak\u0131c\u0131 Terzi Bi\u00e7erd\u00f6ver Operat\u00f6r\u00fc Trakt\u00f6r Operat\u00f6r\u00fc Bilgi istek formu Ad\u0131n\u0131z Soyad\u0131n\u0131zTelefon Numaran\u0131zE-posta adresiniz*G\u00f6nderBu alan bo\u015f b\u0131rak\u0131lmal\u0131d\u0131rBu Formu D\u00fczenle UzturBG ile Do\u011fru Makine Teknisyenini veya \u0130\u015fi Bulun! Makine teknisyeni misiniz ya da i\u015fletmeniz i\u00e7in [&hellip;]<\/p>\n","protected":false},"author":1,"featured_media":0,"parent":398,"menu_order":0,"comment_status":"closed","ping_status":"closed","template":"tpl-default-elementor.php","meta":{"footnotes":""},"class_list":["post-1527","page","type-page","status-publish","hentry"],"aioseo_notices":[],"aioseo_head":"\n\t\t<!-- All in One SEO Pro 4.9.5.2 - aioseo.com -->\n\t<meta name=\"description\" content=\"UzturBg, Bulgaristan\u2019da sanayi ve bak\u0131m sekt\u00f6r\u00fcne deneyimli makine teknisyenleri sa\u011flar. Kalifiye i\u015f g\u00fcc\u00fc ihtiya\u00e7lar\u0131n\u0131z i\u00e7in bizimle ileti\u015fime ge\u00e7in.\" \/>\n\t<meta name=\"robots\" content=\"max-image-preview:large\" \/>\n\t<meta name=\"google-site-verification\" content=\"MHvpISurnkYGYh4_AvSRy-zXlydPhypISNfY-xavi3M\" \/>\n\t<link rel=\"canonical\" href=\"https:\/\/www.uzturbg.com\/tr\/hizmetlerimiz\/makine-teknisyeni\/\" \/>\n\t<meta name=\"generator\" content=\"All in One SEO Pro (AIOSEO) 4.9.5.2\" \/>\n\t\t<meta property=\"og:locale\" content=\"tr_TR\" \/>\n\t\t<meta property=\"og:site_name\" content=\"Uztur Bg - Bulgaristan\u2019da kalifiye i\u015f g\u00fcc\u00fcyle bir ad\u0131m \u00f6nde!\" \/>\n\t\t<meta property=\"og:type\" content=\"article\" \/>\n\t\t<meta property=\"og:title\" content=\"Makine Teknisyeni Hizmetleri | UzturBg Uzman \u0130\u015f G\u00fcc\u00fc\" \/>\n\t\t<meta property=\"og:description\" content=\"UzturBg, Bulgaristan\u2019da sanayi ve bak\u0131m sekt\u00f6r\u00fcne deneyimli makine teknisyenleri sa\u011flar. Kalifiye i\u015f g\u00fcc\u00fc ihtiya\u00e7lar\u0131n\u0131z i\u00e7in bizimle ileti\u015fime ge\u00e7in.\" \/>\n\t\t<meta property=\"og:url\" content=\"https:\/\/www.uzturbg.com\/tr\/hizmetlerimiz\/makine-teknisyeni\/\" \/>\n\t\t<meta property=\"og:image\" content=\"https:\/\/www.uzturbg.com\/wp-content\/uploads\/2024\/11\/service-engineer-installing-solar-cell-on-the-roof-2023-12-15-17-20-35-utc-scaled.gif\" \/>\n\t\t<meta property=\"og:image:secure_url\" content=\"https:\/\/www.uzturbg.com\/wp-content\/uploads\/2024\/11\/service-engineer-installing-solar-cell-on-the-roof-2023-12-15-17-20-35-utc-scaled.gif\" \/>\n\t\t<meta property=\"article:published_time\" content=\"2024-10-02T18:03:36+00:00\" \/>\n\t\t<meta property=\"article:modified_time\" content=\"2024-10-13T22:37:11+00:00\" \/>\n\t\t<meta name=\"twitter:card\" content=\"summary_large_image\" \/>\n\t\t<meta name=\"twitter:title\" content=\"Makine Teknisyeni Hizmetleri | UzturBg Uzman \u0130\u015f G\u00fcc\u00fc\" \/>\n\t\t<meta name=\"twitter:description\" content=\"UzturBg, Bulgaristan\u2019da sanayi ve bak\u0131m sekt\u00f6r\u00fcne deneyimli makine teknisyenleri sa\u011flar. Kalifiye i\u015f g\u00fcc\u00fc ihtiya\u00e7lar\u0131n\u0131z i\u00e7in bizimle ileti\u015fime ge\u00e7in.\" \/>\n\t\t<meta name=\"twitter:image\" content=\"https:\/\/www.uzturbg.com\/wp-content\/uploads\/2024\/11\/service-engineer-installing-solar-cell-on-the-roof-2023-12-15-17-20-35-utc-scaled.gif\" \/>\n\t\t<script type=\"application\/ld+json\" class=\"aioseo-schema\">\n\t\t\t{\"@context\":\"https:\\\/\\\/schema.org\",\"@graph\":[{\"@type\":\"BreadcrumbList\",\"@id\":\"https:\\\/\\\/www.uzturbg.com\\\/tr\\\/hizmetlerimiz\\\/makine-teknisyeni\\\/#breadcrumblist\",\"itemListElement\":[{\"@type\":\"ListItem\",\"@id\":\"https:\\\/\\\/www.uzturbg.com\\\/tr\\\/#listItem\",\"position\":1,\"name\":\"Home\",\"item\":\"https:\\\/\\\/www.uzturbg.com\\\/tr\\\/\",\"nextItem\":{\"@type\":\"ListItem\",\"@id\":\"https:\\\/\\\/www.uzturbg.com\\\/tr\\\/hizmetlerimiz\\\/#listItem\",\"name\":\"Hizmetlerimiz\"}},{\"@type\":\"ListItem\",\"@id\":\"https:\\\/\\\/www.uzturbg.com\\\/tr\\\/hizmetlerimiz\\\/#listItem\",\"position\":2,\"name\":\"Hizmetlerimiz\",\"item\":\"https:\\\/\\\/www.uzturbg.com\\\/tr\\\/hizmetlerimiz\\\/\",\"nextItem\":{\"@type\":\"ListItem\",\"@id\":\"https:\\\/\\\/www.uzturbg.com\\\/tr\\\/hizmetlerimiz\\\/makine-teknisyeni\\\/#listItem\",\"name\":\"Makine Teknisyeni\"},\"previousItem\":{\"@type\":\"ListItem\",\"@id\":\"https:\\\/\\\/www.uzturbg.com\\\/tr\\\/#listItem\",\"name\":\"Home\"}},{\"@type\":\"ListItem\",\"@id\":\"https:\\\/\\\/www.uzturbg.com\\\/tr\\\/hizmetlerimiz\\\/makine-teknisyeni\\\/#listItem\",\"position\":3,\"name\":\"Makine Teknisyeni\",\"previousItem\":{\"@type\":\"ListItem\",\"@id\":\"https:\\\/\\\/www.uzturbg.com\\\/tr\\\/hizmetlerimiz\\\/#listItem\",\"name\":\"Hizmetlerimiz\"}}]},{\"@type\":\"Organization\",\"@id\":\"https:\\\/\\\/www.uzturbg.com\\\/tr\\\/#organization\",\"name\":\"Uztur Bg\",\"description\":\"Bulgaristan\\u2019da kalifiye i\\u015f g\\u00fcc\\u00fcyle bir ad\\u0131m \\u00f6nde!\",\"url\":\"https:\\\/\\\/www.uzturbg.com\\\/tr\\\/\",\"telephone\":\"+359886964551\",\"logo\":{\"@type\":\"ImageObject\",\"url\":\"https:\\\/\\\/www.uzturbg.com\\\/wp-content\\\/uploads\\\/2024\\\/09\\\/uztur-logo-1.png\",\"@id\":\"https:\\\/\\\/www.uzturbg.com\\\/tr\\\/hizmetlerimiz\\\/makine-teknisyeni\\\/#organizationLogo\",\"width\":391,\"height\":106},\"image\":{\"@id\":\"https:\\\/\\\/www.uzturbg.com\\\/tr\\\/hizmetlerimiz\\\/makine-teknisyeni\\\/#organizationLogo\"}},{\"@type\":\"WebPage\",\"@id\":\"https:\\\/\\\/www.uzturbg.com\\\/tr\\\/hizmetlerimiz\\\/makine-teknisyeni\\\/#webpage\",\"url\":\"https:\\\/\\\/www.uzturbg.com\\\/tr\\\/hizmetlerimiz\\\/makine-teknisyeni\\\/\",\"name\":\"Makine Teknisyeni Hizmetleri | UzturBg Uzman \\u0130\\u015f G\\u00fcc\\u00fc\",\"description\":\"UzturBg, Bulgaristan\\u2019da sanayi ve bak\\u0131m sekt\\u00f6r\\u00fcne deneyimli makine teknisyenleri sa\\u011flar. Kalifiye i\\u015f g\\u00fcc\\u00fc ihtiya\\u00e7lar\\u0131n\\u0131z i\\u00e7in bizimle ileti\\u015fime ge\\u00e7in.\",\"inLanguage\":\"tr-TR\",\"isPartOf\":{\"@id\":\"https:\\\/\\\/www.uzturbg.com\\\/tr\\\/#website\"},\"breadcrumb\":{\"@id\":\"https:\\\/\\\/www.uzturbg.com\\\/tr\\\/hizmetlerimiz\\\/makine-teknisyeni\\\/#breadcrumblist\"},\"datePublished\":\"2024-10-02T21:03:36+03:00\",\"dateModified\":\"2024-10-14T01:37:11+03:00\"},{\"@type\":\"WebSite\",\"@id\":\"https:\\\/\\\/www.uzturbg.com\\\/tr\\\/#website\",\"url\":\"https:\\\/\\\/www.uzturbg.com\\\/tr\\\/\",\"name\":\"Uztur Bg\",\"description\":\"Bulgaristan\\u2019da kalifiye i\\u015f g\\u00fcc\\u00fcyle bir ad\\u0131m \\u00f6nde!\",\"inLanguage\":\"tr-TR\",\"publisher\":{\"@id\":\"https:\\\/\\\/www.uzturbg.com\\\/tr\\\/#organization\"}}]}\n\t\t<\/script>\n\t\t<!-- All in One SEO Pro -->\r\n\t\t<title>Makine Teknisyeni Hizmetleri | UzturBg Uzman \u0130\u015f G\u00fcc\u00fc<\/title>\n\n","aioseo_head_json":{"title":"Makine Teknisyeni Hizmetleri | UzturBg Uzman \u0130\u015f G\u00fcc\u00fc","description":"UzturBg, Bulgaristan\u2019da sanayi ve bak\u0131m sekt\u00f6r\u00fcne deneyimli makine teknisyenleri sa\u011flar. Kalifiye i\u015f g\u00fcc\u00fc ihtiya\u00e7lar\u0131n\u0131z i\u00e7in bizimle ileti\u015fime ge\u00e7in.","canonical_url":"https:\/\/www.uzturbg.com\/tr\/hizmetlerimiz\/makine-teknisyeni\/","robots":"max-image-preview:large","keywords":"","webmasterTools":{"google-site-verification":"MHvpISurnkYGYh4_AvSRy-zXlydPhypISNfY-xavi3M","miscellaneous":""},"schema":{"@context":"https:\/\/schema.org","@graph":[{"@type":"BreadcrumbList","@id":"https:\/\/www.uzturbg.com\/tr\/hizmetlerimiz\/makine-teknisyeni\/#breadcrumblist","itemListElement":[{"@type":"ListItem","@id":"https:\/\/www.uzturbg.com\/tr\/#listItem","position":1,"name":"Home","item":"https:\/\/www.uzturbg.com\/tr\/","nextItem":{"@type":"ListItem","@id":"https:\/\/www.uzturbg.com\/tr\/hizmetlerimiz\/#listItem","name":"Hizmetlerimiz"}},{"@type":"ListItem","@id":"https:\/\/www.uzturbg.com\/tr\/hizmetlerimiz\/#listItem","position":2,"name":"Hizmetlerimiz","item":"https:\/\/www.uzturbg.com\/tr\/hizmetlerimiz\/","nextItem":{"@type":"ListItem","@id":"https:\/\/www.uzturbg.com\/tr\/hizmetlerimiz\/makine-teknisyeni\/#listItem","name":"Makine Teknisyeni"},"previousItem":{"@type":"ListItem","@id":"https:\/\/www.uzturbg.com\/tr\/#listItem","name":"Home"}},{"@type":"ListItem","@id":"https:\/\/www.uzturbg.com\/tr\/hizmetlerimiz\/makine-teknisyeni\/#listItem","position":3,"name":"Makine Teknisyeni","previousItem":{"@type":"ListItem","@id":"https:\/\/www.uzturbg.com\/tr\/hizmetlerimiz\/#listItem","name":"Hizmetlerimiz"}}]},{"@type":"Organization","@id":"https:\/\/www.uzturbg.com\/tr\/#organization","name":"Uztur Bg","description":"Bulgaristan\u2019da kalifiye i\u015f g\u00fcc\u00fcyle bir ad\u0131m \u00f6nde!","url":"https:\/\/www.uzturbg.com\/tr\/","telephone":"+359886964551","logo":{"@type":"ImageObject","url":"https:\/\/www.uzturbg.com\/wp-content\/uploads\/2024\/09\/uztur-logo-1.png","@id":"https:\/\/www.uzturbg.com\/tr\/hizmetlerimiz\/makine-teknisyeni\/#organizationLogo","width":391,"height":106},"image":{"@id":"https:\/\/www.uzturbg.com\/tr\/hizmetlerimiz\/makine-teknisyeni\/#organizationLogo"}},{"@type":"WebPage","@id":"https:\/\/www.uzturbg.com\/tr\/hizmetlerimiz\/makine-teknisyeni\/#webpage","url":"https:\/\/www.uzturbg.com\/tr\/hizmetlerimiz\/makine-teknisyeni\/","name":"Makine Teknisyeni Hizmetleri | UzturBg Uzman \u0130\u015f G\u00fcc\u00fc","description":"UzturBg, Bulgaristan\u2019da sanayi ve bak\u0131m sekt\u00f6r\u00fcne deneyimli makine teknisyenleri sa\u011flar. Kalifiye i\u015f g\u00fcc\u00fc ihtiya\u00e7lar\u0131n\u0131z i\u00e7in bizimle ileti\u015fime ge\u00e7in.","inLanguage":"tr-TR","isPartOf":{"@id":"https:\/\/www.uzturbg.com\/tr\/#website"},"breadcrumb":{"@id":"https:\/\/www.uzturbg.com\/tr\/hizmetlerimiz\/makine-teknisyeni\/#breadcrumblist"},"datePublished":"2024-10-02T21:03:36+03:00","dateModified":"2024-10-14T01:37:11+03:00"},{"@type":"WebSite","@id":"https:\/\/www.uzturbg.com\/tr\/#website","url":"https:\/\/www.uzturbg.com\/tr\/","name":"Uztur Bg","description":"Bulgaristan\u2019da kalifiye i\u015f g\u00fcc\u00fcyle bir ad\u0131m \u00f6nde!","inLanguage":"tr-TR","publisher":{"@id":"https:\/\/www.uzturbg.com\/tr\/#organization"}}]},"og:locale":"tr_TR","og:site_name":"Uztur Bg - Bulgaristan\u2019da kalifiye i\u015f g\u00fcc\u00fcyle bir ad\u0131m \u00f6nde!","og:type":"article","og:title":"Makine Teknisyeni Hizmetleri | UzturBg Uzman \u0130\u015f G\u00fcc\u00fc","og:description":"UzturBg, Bulgaristan\u2019da sanayi ve bak\u0131m sekt\u00f6r\u00fcne deneyimli makine teknisyenleri sa\u011flar. Kalifiye i\u015f g\u00fcc\u00fc ihtiya\u00e7lar\u0131n\u0131z i\u00e7in bizimle ileti\u015fime ge\u00e7in.","og:url":"https:\/\/www.uzturbg.com\/tr\/hizmetlerimiz\/makine-teknisyeni\/","og:image":"https:\/\/www.uzturbg.com\/wp-content\/uploads\/2024\/11\/service-engineer-installing-solar-cell-on-the-roof-2023-12-15-17-20-35-utc-scaled.gif","og:image:secure_url":"https:\/\/www.uzturbg.com\/wp-content\/uploads\/2024\/11\/service-engineer-installing-solar-cell-on-the-roof-2023-12-15-17-20-35-utc-scaled.gif","article:published_time":"2024-10-02T18:03:36+00:00","article:modified_time":"2024-10-13T22:37:11+00:00","twitter:card":"summary_large_image","twitter:title":"Makine Teknisyeni Hizmetleri | UzturBg Uzman \u0130\u015f G\u00fcc\u00fc","twitter:description":"UzturBg, Bulgaristan\u2019da sanayi ve bak\u0131m sekt\u00f6r\u00fcne deneyimli makine teknisyenleri sa\u011flar. Kalifiye i\u015f g\u00fcc\u00fc ihtiya\u00e7lar\u0131n\u0131z i\u00e7in bizimle ileti\u015fime ge\u00e7in.","twitter:image":"https:\/\/www.uzturbg.com\/wp-content\/uploads\/2024\/11\/service-engineer-installing-solar-cell-on-the-roof-2023-12-15-17-20-35-utc-scaled.gif"},"aioseo_meta_data":{"post_id":"1527","title":"Makine Teknisyeni Hizmetleri | UzturBg Uzman \u0130\u015f G\u00fcc\u00fc","description":"UzturBg, Bulgaristan\u2019da sanayi ve bak\u0131m sekt\u00f6r\u00fcne deneyimli makine teknisyenleri sa\u011flar. Kalifiye i\u015f g\u00fcc\u00fc ihtiya\u00e7lar\u0131n\u0131z i\u00e7in bizimle ileti\u015fime ge\u00e7in.","keywords":null,"keyphrases":{"focus":{"keyphrase":"","score":0,"analysis":{"keyphraseInTitle":{"score":0,"maxScore":9,"error":1}}},"additional":[]},"primary_term":null,"canonical_url":null,"og_title":null,"og_description":null,"og_object_type":"default","og_image_type":"default","og_image_url":null,"og_image_width":null,"og_image_height":null,"og_image_custom_url":null,"og_image_custom_fields":null,"og_video":"","og_custom_url":null,"og_article_section":null,"og_article_tags":null,"twitter_use_og":false,"twitter_card":"default","twitter_image_type":"default","twitter_image_url":null,"twitter_image_custom_url":null,"twitter_image_custom_fields":null,"twitter_title":null,"twitter_description":null,"schema":{"blockGraphs":[],"customGraphs":[],"default":{"data":{"Article":[],"Course":[],"Dataset":[],"FAQPage":[],"Movie":[],"Person":[],"Product":[],"ProductReview":[],"Car":[],"Recipe":[],"Service":[],"SoftwareApplication":[],"WebPage":[]},"graphName":"WebPage","isEnabled":true},"graphs":[]},"schema_type":"default","schema_type_options":null,"pillar_content":false,"robots_default":true,"robots_noindex":false,"robots_noarchive":false,"robots_nosnippet":false,"robots_nofollow":false,"robots_noimageindex":false,"robots_noodp":false,"robots_notranslate":false,"robots_max_snippet":"-1","robots_max_videopreview":"-1","robots_max_imagepreview":"large","priority":null,"frequency":"default","local_seo":null,"seo_analyzer_scan_date":"2025-08-15 10:15:57","breadcrumb_settings":null,"limit_modified_date":false,"reviewed_by":null,"open_ai":"{\"title\":{\"suggestions\":[],\"usage\":0},\"description\":{\"suggestions\":[],\"usage\":0}}","ai":null,"created":"2024-10-05 15:53:08","updated":"2025-10-22 22:11:30"},"aioseo_breadcrumb":"<div class=\"aioseo-breadcrumbs\"><span class=\"aioseo-breadcrumb\">\n\t<a href=\"https:\/\/www.uzturbg.com\/tr\/\" title=\"Home\">Home<\/a>\n<\/span><span class=\"aioseo-breadcrumb-separator\">&raquo;<\/span><span class=\"aioseo-breadcrumb\">\n\t<a href=\"https:\/\/www.uzturbg.com\/tr\/hizmetlerimiz\/\" title=\"Hizmetlerimiz\">Hizmetlerimiz<\/a>\n<\/span><span class=\"aioseo-breadcrumb-separator\">&raquo;<\/span><span class=\"aioseo-breadcrumb\">\n\tMakine Teknisyeni\n<\/span><\/div>","aioseo_breadcrumb_json":[{"label":"Home","link":"https:\/\/www.uzturbg.com\/tr\/"},{"label":"Hizmetlerimiz","link":"https:\/\/www.uzturbg.com\/tr\/hizmetlerimiz\/"},{"label":"Makine Teknisyeni","link":"https:\/\/www.uzturbg.com\/tr\/hizmetlerimiz\/makine-teknisyeni\/"}],"_links":{"self":[{"href":"https:\/\/www.uzturbg.com\/tr\/wp-json\/wp\/v2\/pages\/1527","targetHints":{"allow":["GET"]}}],"collection":[{"href":"https:\/\/www.uzturbg.com\/tr\/wp-json\/wp\/v2\/pages"}],"about":[{"href":"https:\/\/www.uzturbg.com\/tr\/wp-json\/wp\/v2\/types\/page"}],"author":[{"embeddable":true,"href":"https:\/\/www.uzturbg.com\/tr\/wp-json\/wp\/v2\/users\/1"}],"replies":[{"embeddable":true,"href":"https:\/\/www.uzturbg.com\/tr\/wp-json\/wp\/v2\/comments?post=1527"}],"version-history":[{"count":0,"href":"https:\/\/www.uzturbg.com\/tr\/wp-json\/wp\/v2\/pages\/1527\/revisions"}],"up":[{"embeddable":true,"href":"https:\/\/www.uzturbg.com\/tr\/wp-json\/wp\/v2\/pages\/398"}],"wp:attachment":[{"href":"https:\/\/www.uzturbg.com\/tr\/wp-json\/wp\/v2\/media?parent=1527"}],"curies":[{"name":"wp","href":"https:\/\/api.w.org\/{rel}","templated":true}]}}