{"id":3397,"date":"2024-09-29T18:40:42","date_gmt":"2024-09-29T15:40:42","guid":{"rendered":"https:\/\/www.uzturbg.com\/furniture\/"},"modified":"2024-11-12T03:17:02","modified_gmt":"2024-11-12T00:17:02","slug":"furniture","status":"publish","type":"page","link":"https:\/\/www.uzturbg.com\/en\/our-services\/furniture\/","title":{"rendered":"Furniture"},"content":{"rendered":"\t\t<div data-elementor-type=\"wp-page\" data-elementor-id=\"3397\" class=\"elementor elementor-3397 elementor-1382\" data-elementor-post-type=\"page\">\n\t\t\t\t\t\t<section class=\"elementor-section elementor-top-section elementor-element elementor-element-aa1c0d4 elementor-section-full_width elementor-section-height-default elementor-section-height-default\" data-id=\"aa1c0d4\" data-element_type=\"section\" data-e-type=\"section\">\n\t\t\t\t\t\t<div class=\"elementor-container elementor-column-gap-default\">\n\t\t\t\t\t<div class=\"elementor-column elementor-col-100 elementor-top-column elementor-element elementor-element-609b584\" data-id=\"609b584\" data-element_type=\"column\" data-e-type=\"column\">\n\t\t\t<div class=\"elementor-widget-wrap elementor-element-populated\">\n\t\t\t\t\t\t<div class=\"elementor-element elementor-element-30414d4 elementor-widget elementor-widget-colaz_service_detial\" data-id=\"30414d4\" data-element_type=\"widget\" data-e-type=\"widget\" data-widget_type=\"colaz_service_detial.default\">\n\t\t\t\t<div class=\"elementor-widget-container\">\n\t\t\t\t\t\t\r\n\t<!-- Sidebar Page Container -->\r\n    <section class=\"sidebar-page-container\">\r\n    \t<div class=\"auto-container\">\r\n        \t<div class=\"row clearfix\">\r\n\t\t\t\t\t\t\t\t<!-- Sidebar Side -->\r\n                <div class=\"sidebar-side left-sidebar col-lg-4 col-md-12 col-sm-12\">\r\n                \t<aside class=\"sidebar sticky-top\">\r\n\t\t\t\t\t\t<div id=\"nav_menu-5\" class=\"service-widget sidebar-widget widget_nav_menu\"><div class=\"menu-service-menu-ingilizce-container\"><ul id=\"menu-service-menu-ingilizce\" class=\"menu\"><li id=\"menu-item-3763\" class=\"menu-item menu-item-type-post_type menu-item-object-page menu-item-3763\"><a href=\"https:\/\/www.uzturbg.com\/en\/our-services\/waiter\/\">Waiter<\/a><\/li>\n<li id=\"menu-item-3764\" class=\"menu-item menu-item-type-post_type menu-item-object-page menu-item-3764\"><a href=\"https:\/\/www.uzturbg.com\/en\/our-services\/cook\/\">Cook<\/a><\/li>\n<li id=\"menu-item-3765\" class=\"menu-item menu-item-type-post_type menu-item-object-page menu-item-3765\"><a href=\"https:\/\/www.uzturbg.com\/en\/our-services\/maid\/\">Maid<\/a><\/li>\n<li id=\"menu-item-3766\" class=\"menu-item menu-item-type-post_type menu-item-object-page menu-item-3766\"><a href=\"https:\/\/www.uzturbg.com\/en\/our-services\/bartender\/\">Bartender<\/a><\/li>\n<li id=\"menu-item-3804\" class=\"menu-item menu-item-type-post_type menu-item-object-page menu-item-3804\"><a href=\"https:\/\/www.uzturbg.com\/en\/our-services\/dishwasher\/\">Dishwasher<\/a><\/li>\n<li id=\"menu-item-3805\" class=\"menu-item menu-item-type-post_type menu-item-object-page menu-item-3805\"><a href=\"https:\/\/www.uzturbg.com\/en\/our-services\/builder\/\">Builder<\/a><\/li>\n<li id=\"menu-item-3806\" class=\"menu-item menu-item-type-post_type menu-item-object-page menu-item-3806\"><a href=\"https:\/\/www.uzturbg.com\/en\/our-services\/electrician\/\">Electrician<\/a><\/li>\n<li id=\"menu-item-3807\" class=\"menu-item menu-item-type-post_type menu-item-object-page menu-item-3807\"><a href=\"https:\/\/www.uzturbg.com\/en\/our-services\/plumber\/\">Plumber<\/a><\/li>\n<li id=\"menu-item-3808\" class=\"menu-item menu-item-type-post_type menu-item-object-page menu-item-3808\"><a href=\"https:\/\/www.uzturbg.com\/en\/our-services\/elevator-operator\/\">Elevator Operator<\/a><\/li>\n<li id=\"menu-item-3809\" class=\"menu-item menu-item-type-post_type menu-item-object-page menu-item-3809\"><a href=\"https:\/\/www.uzturbg.com\/en\/our-services\/welder\/\">Welder<\/a><\/li>\n<li id=\"menu-item-3810\" class=\"menu-item menu-item-type-post_type menu-item-object-page menu-item-3810\"><a href=\"https:\/\/www.uzturbg.com\/en\/our-services\/truck-driver\/\">Truck Driver<\/a><\/li>\n<li id=\"menu-item-3811\" class=\"menu-item menu-item-type-post_type menu-item-object-page menu-item-3811\"><a href=\"https:\/\/www.uzturbg.com\/en\/our-services\/auto-mechanic\/\">Auto Mechanic<\/a><\/li>\n<li id=\"menu-item-3812\" class=\"menu-item menu-item-type-post_type menu-item-object-page menu-item-3812\"><a href=\"https:\/\/www.uzturbg.com\/en\/our-services\/machine-technician\/\">Machine Technician<\/a><\/li>\n<li id=\"menu-item-3813\" class=\"menu-item menu-item-type-post_type menu-item-object-page menu-item-3813\"><a href=\"https:\/\/www.uzturbg.com\/en\/our-services\/turner\/\">Turner<\/a><\/li>\n<li id=\"menu-item-3814\" class=\"menu-item menu-item-type-post_type menu-item-object-page menu-item-3814\"><a href=\"https:\/\/www.uzturbg.com\/en\/our-services\/furniture\/\">Furniture<\/a><\/li>\n<li id=\"menu-item-3815\" class=\"menu-item menu-item-type-post_type menu-item-object-page menu-item-3815\"><a href=\"https:\/\/www.uzturbg.com\/en\/our-services\/carpenter\/\">Carpenter<\/a><\/li>\n<li id=\"menu-item-3816\" class=\"menu-item menu-item-type-post_type menu-item-object-page menu-item-3816\"><a href=\"https:\/\/www.uzturbg.com\/en\/our-services\/nurse\/\">Nurse<\/a><\/li>\n<li id=\"menu-item-3817\" class=\"menu-item menu-item-type-post_type menu-item-object-page menu-item-3817\"><a href=\"https:\/\/www.uzturbg.com\/en\/our-services\/patient-caregiver\/\">Patient Caregiver<\/a><\/li>\n<li id=\"menu-item-3818\" class=\"menu-item menu-item-type-post_type menu-item-object-page menu-item-3818\"><a href=\"https:\/\/www.uzturbg.com\/en\/our-services\/tailor\/\">Tailor<\/a><\/li>\n<li id=\"menu-item-3819\" class=\"menu-item menu-item-type-post_type menu-item-object-page menu-item-3819\"><a href=\"https:\/\/www.uzturbg.com\/en\/our-services\/harvester-operator\/\">Harvester Operator<\/a><\/li>\n<li id=\"menu-item-3820\" class=\"menu-item menu-item-type-post_type menu-item-object-page menu-item-3820\"><a href=\"https:\/\/www.uzturbg.com\/en\/our-services\/tractor-operator\/\">Tractor Operator<\/a><\/li>\n<\/ul><\/div><\/div>\t\t\t\t\t<\/aside>\r\n\t\t\t\t<\/div>\r\n\t\t\t\t\t\t\t\t<!-- Content Side -->\r\n                <div class=\"content-side right-sidebar col-lg-8 col-md-12 col-sm-12 \">\r\n\t\t\t\t\t<div class=\"service-detail\">\r\n\t\t\t\t\t\t<div class=\"inner-box\">\r\n\t\t\t\t\t\t\t\t\t\t\t\t\t\t\t<p>UzturBg offers reliable job opportunities in Bulgaria for professionals looking to work in furniture production and design while also providing qualified and experienced personnel for companies seeking furniture makers. With our fast and effective placement processes, we provide the best solutions for both job seekers and employers.<\/p>                            \t\t\t\t\t\t\t<h3>Furniture Makers Seeking Jobs<\/h3>\t\t\t\t\t\t\t<p>UzturBg offers various job opportunities in Bulgaria for foreign professionals looking to work in furniture production and design. If you want to evaluate your skills as a furniture maker, you have the chance to work in various furniture workshops and factories. Our company assists you in finding positions that match your expertise quickly by guiding you through the application process.\n\n<br><br>We provide comprehensive support to foreign furniture makers throughout all stages, including the arrangement of necessary documents and work permits. UzturBg helps you take a new step in the furniture sector by finding a safe job in Bulgaria that contributes to your career.\n\n<br><br>For Companies Seeking Furniture Makers:\n\n<br><br>UzturBg supplies experienced and qualified furniture makers for production facilities and workshops in need of furniture makers. Thanks to our extensive candidate network, we offer quick access to professionals from both within Bulgaria and abroad. We identify candidates that suit your company\u2019s needs through a meticulous selection process and facilitate the placement processes.\n\n<br><br>You can rely on UzturBg\u2019s expert placement services to meet your search for furniture makers reliably and quickly. By effectively addressing your workforce needs, we help you maintain the highest quality in production.<\/p>\t\t\t\t\t\t\t<div class=\"row clearfix\">\r\n\t\t\t\t\t\t\t\t                                <!-- Column -->\r\n\t\t\t\t\t\t\t\t<div class=\"column col-lg-6 col-md-6 col-sm-12\">\r\n\t\t\t\t\t\t\t\t\t                                                                        \r\n                                    \t\t\t\t\t\t\t\t\t\r\n\t\t\t\t\t\t\t\t<\/div>\r\n\t\t\t\t\t\t\t\t\t\t\t\t\t\t\t<\/div>\r\n                            \t\t\t\t\t\t\t<div class=\"image\">\r\n\t\t\t\t\t\t\t\t<img decoding=\"async\" src=\"https:\/\/www.uzturbg.com\/wp-content\/uploads\/2024\/11\/interior-design-of-retro-modern-living-room-with-b-2024-10-18-03-25-34-utc.jpg\" alt=\"Awesome Image\" \/>\r\n\t\t\t\t\t\t\t<\/div>\r\n                                                        \t\t\t\t\t\t\t\t\t\t\t\t\t\t                            <div class=\"ratio-text\">\r\n\t\t\t\t\t\t\t\t\t\t\t\t\t\t\t\t\n\t\t\t\t\t\t\t<\/div>\r\n                            \t\t\t\t\t\t\t\t\t\t\t\t\t<\/div>\r\n\t\t\t\t\t<\/div>\r\n\t\t\t\t<\/div>\r\n\t\t\t\t\r\n\t\t\t<\/div>\r\n\t\t<\/div>\r\n\t<\/section>\r\n\t<!-- End Sidebar Page Container -->\r\n      \r\n    \t\t\t\t<\/div>\n\t\t\t\t<\/div>\n\t\t\t\t\t<\/div>\n\t\t<\/div>\n\t\t\t\t\t<\/div>\n\t\t<\/section>\n\t\t\t\t<section class=\"elementor-section elementor-top-section elementor-element elementor-element-1a89fe9 elementor-section-full_width elementor-section-height-default elementor-section-height-default\" data-id=\"1a89fe9\" data-element_type=\"section\" data-e-type=\"section\">\n\t\t\t\t\t\t<div class=\"elementor-container elementor-column-gap-default\">\n\t\t\t\t\t<div class=\"elementor-column elementor-col-100 elementor-top-column elementor-element elementor-element-0e200a7\" data-id=\"0e200a7\" data-element_type=\"column\" data-e-type=\"column\">\n\t\t\t<div class=\"elementor-widget-wrap elementor-element-populated\">\n\t\t\t\t\t\t<div class=\"elementor-element elementor-element-415b4a1 elementor-widget elementor-widget-colaz_cta_v2\" data-id=\"415b4a1\" data-element_type=\"widget\" data-e-type=\"widget\" data-widget_type=\"colaz_cta_v2.default\">\n\t\t\t\t<div class=\"elementor-widget-container\">\n\t\t\t\t\t\t\r\n\t<!-- CTA Section Two -->\r\n\t<section class=\"cta-section-two\">\r\n\t  \t\t\t<div class=\"pattern-layer\" style=\"background-image: url(https:\/\/www.uzturbg.com\/wp-content\/uploads\/2022\/12\/pattern-4-5.png)\"><\/div>\r\n\t\t\t\t<div class=\"auto-container\">\r\n\t\t\t<div class=\"d-flex justify-content-between align-items-center flex-wrap\">\r\n\t\t\t  <h2>Contact us for more detailed information<\/h2>\t\t\t   \r\n\t\t\t\t<!-- Button Box -->\r\n\t\t\t\t\t\t\t\t<div class=\"button-box\">\r\n\t\t\t\t\t<a class=\"btn-style-two theme-btn\" href=\"https:\/\/www.uzturbg.com\/en\/contact\/\"><span class=\"txt\">CONTACT<\/span><\/a>\r\n\t\t\t\t<\/div>\r\n\t\t\t\t  \r\n\t\t\t<\/div>\r\n\t\t<\/div>\r\n\t<\/section>\r\n\t<!-- End CTA Section Two -->\r\n\t\r\n\t \t\t\t\t<\/div>\n\t\t\t\t<\/div>\n\t\t\t\t\t<\/div>\n\t\t<\/div>\n\t\t\t\t\t<\/div>\n\t\t<\/section>\n\t\t\t\t<\/div>\n\t\t","protected":false},"excerpt":{"rendered":"<p>Waiter Cook Maid Bartender Dishwasher Builder Electrician Plumber Elevator Operator Welder Truck Driver Auto Mechanic Machine Technician Turner Furniture Carpenter Nurse Patient Caregiver Tailor Harvester Operator Tractor Operator UzturBg offers reliable job opportunities in Bulgaria for professionals looking to work in furniture production and design while also providing qualified and experienced personnel for companies seeking [&hellip;]<\/p>\n","protected":false},"author":1,"featured_media":0,"parent":3511,"menu_order":0,"comment_status":"closed","ping_status":"closed","template":"tpl-default-elementor.php","meta":{"footnotes":""},"class_list":["post-3397","page","type-page","status-publish","hentry"],"aioseo_notices":[],"aioseo_head":"\n\t\t<!-- All in One SEO Pro 4.9.5.2 - aioseo.com -->\n\t<meta name=\"description\" content=\"UzturBg provides experienced furniture makers in the production and assembly of furniture in Bulgaria. Contact us now for professional workforce.\" \/>\n\t<meta name=\"robots\" content=\"max-image-preview:large\" \/>\n\t<meta name=\"google-site-verification\" content=\"MHvpISurnkYGYh4_AvSRy-zXlydPhypISNfY-xavi3M\" \/>\n\t<link rel=\"canonical\" href=\"https:\/\/www.uzturbg.com\/en\/our-services\/furniture\/\" \/>\n\t<meta name=\"generator\" content=\"All in One SEO Pro (AIOSEO) 4.9.5.2\" \/>\n\t\t<meta property=\"og:locale\" content=\"en_US\" \/>\n\t\t<meta property=\"og:site_name\" content=\"Uztur Bg - Bulgaristan\u2019da kalifiye i\u015f g\u00fcc\u00fcyle bir ad\u0131m \u00f6nde!\" \/>\n\t\t<meta property=\"og:type\" content=\"article\" \/>\n\t\t<meta property=\"og:title\" content=\"Furnisher Services | UzturBg Skilled Labor Support\" \/>\n\t\t<meta property=\"og:description\" content=\"UzturBg provides experienced furniture makers in the production and assembly of furniture in Bulgaria. Contact us now for professional workforce.\" \/>\n\t\t<meta property=\"og:url\" content=\"https:\/\/www.uzturbg.com\/en\/our-services\/furniture\/\" \/>\n\t\t<meta property=\"og:image\" content=\"https:\/\/www.uzturbg.com\/wp-content\/uploads\/2024\/11\/service-engineer-installing-solar-cell-on-the-roof-2023-12-15-17-20-35-utc-scaled.gif\" \/>\n\t\t<meta property=\"og:image:secure_url\" content=\"https:\/\/www.uzturbg.com\/wp-content\/uploads\/2024\/11\/service-engineer-installing-solar-cell-on-the-roof-2023-12-15-17-20-35-utc-scaled.gif\" \/>\n\t\t<meta property=\"article:published_time\" content=\"2024-09-29T15:40:42+00:00\" \/>\n\t\t<meta property=\"article:modified_time\" content=\"2024-11-12T00:17:02+00:00\" \/>\n\t\t<meta name=\"twitter:card\" content=\"summary_large_image\" \/>\n\t\t<meta name=\"twitter:title\" content=\"Furnisher Services | UzturBg Skilled Labor Support\" \/>\n\t\t<meta name=\"twitter:description\" content=\"UzturBg provides experienced furniture makers in the production and assembly of furniture in Bulgaria. Contact us now for professional workforce.\" \/>\n\t\t<meta name=\"twitter:image\" content=\"https:\/\/www.uzturbg.com\/wp-content\/uploads\/2024\/11\/service-engineer-installing-solar-cell-on-the-roof-2023-12-15-17-20-35-utc-scaled.gif\" \/>\n\t\t<script type=\"application\/ld+json\" class=\"aioseo-schema\">\n\t\t\t{\"@context\":\"https:\\\/\\\/schema.org\",\"@graph\":[{\"@type\":\"BreadcrumbList\",\"@id\":\"https:\\\/\\\/www.uzturbg.com\\\/en\\\/our-services\\\/furniture\\\/#breadcrumblist\",\"itemListElement\":[{\"@type\":\"ListItem\",\"@id\":\"https:\\\/\\\/www.uzturbg.com\\\/en\\\/#listItem\",\"position\":1,\"name\":\"Home\",\"item\":\"https:\\\/\\\/www.uzturbg.com\\\/en\\\/\",\"nextItem\":{\"@type\":\"ListItem\",\"@id\":\"https:\\\/\\\/www.uzturbg.com\\\/en\\\/our-services\\\/#listItem\",\"name\":\"Our Services\"}},{\"@type\":\"ListItem\",\"@id\":\"https:\\\/\\\/www.uzturbg.com\\\/en\\\/our-services\\\/#listItem\",\"position\":2,\"name\":\"Our Services\",\"item\":\"https:\\\/\\\/www.uzturbg.com\\\/en\\\/our-services\\\/\",\"nextItem\":{\"@type\":\"ListItem\",\"@id\":\"https:\\\/\\\/www.uzturbg.com\\\/en\\\/our-services\\\/furniture\\\/#listItem\",\"name\":\"Furniture\"},\"previousItem\":{\"@type\":\"ListItem\",\"@id\":\"https:\\\/\\\/www.uzturbg.com\\\/en\\\/#listItem\",\"name\":\"Home\"}},{\"@type\":\"ListItem\",\"@id\":\"https:\\\/\\\/www.uzturbg.com\\\/en\\\/our-services\\\/furniture\\\/#listItem\",\"position\":3,\"name\":\"Furniture\",\"previousItem\":{\"@type\":\"ListItem\",\"@id\":\"https:\\\/\\\/www.uzturbg.com\\\/en\\\/our-services\\\/#listItem\",\"name\":\"Our Services\"}}]},{\"@type\":\"Organization\",\"@id\":\"https:\\\/\\\/www.uzturbg.com\\\/en\\\/#organization\",\"name\":\"Uztur Bg\",\"description\":\"Bulgaristan\\u2019da kalifiye i\\u015f g\\u00fcc\\u00fcyle bir ad\\u0131m \\u00f6nde!\",\"url\":\"https:\\\/\\\/www.uzturbg.com\\\/en\\\/\",\"telephone\":\"+359886964551\",\"logo\":{\"@type\":\"ImageObject\",\"url\":\"https:\\\/\\\/www.uzturbg.com\\\/wp-content\\\/uploads\\\/2024\\\/09\\\/uztur-logo-1.png\",\"@id\":\"https:\\\/\\\/www.uzturbg.com\\\/en\\\/our-services\\\/furniture\\\/#organizationLogo\",\"width\":391,\"height\":106},\"image\":{\"@id\":\"https:\\\/\\\/www.uzturbg.com\\\/en\\\/our-services\\\/furniture\\\/#organizationLogo\"}},{\"@type\":\"WebPage\",\"@id\":\"https:\\\/\\\/www.uzturbg.com\\\/en\\\/our-services\\\/furniture\\\/#webpage\",\"url\":\"https:\\\/\\\/www.uzturbg.com\\\/en\\\/our-services\\\/furniture\\\/\",\"name\":\"Furnisher Services | UzturBg Skilled Labor Support\",\"description\":\"UzturBg provides experienced furniture makers in the production and assembly of furniture in Bulgaria. Contact us now for professional workforce.\",\"inLanguage\":\"en-US\",\"isPartOf\":{\"@id\":\"https:\\\/\\\/www.uzturbg.com\\\/en\\\/#website\"},\"breadcrumb\":{\"@id\":\"https:\\\/\\\/www.uzturbg.com\\\/en\\\/our-services\\\/furniture\\\/#breadcrumblist\"},\"datePublished\":\"2024-09-29T18:40:42+03:00\",\"dateModified\":\"2024-11-12T03:17:02+03:00\"},{\"@type\":\"WebSite\",\"@id\":\"https:\\\/\\\/www.uzturbg.com\\\/en\\\/#website\",\"url\":\"https:\\\/\\\/www.uzturbg.com\\\/en\\\/\",\"name\":\"Uztur Bg\",\"description\":\"Bulgaristan\\u2019da kalifiye i\\u015f g\\u00fcc\\u00fcyle bir ad\\u0131m \\u00f6nde!\",\"inLanguage\":\"en-US\",\"publisher\":{\"@id\":\"https:\\\/\\\/www.uzturbg.com\\\/en\\\/#organization\"}}]}\n\t\t<\/script>\n\t\t<!-- All in One SEO Pro -->\r\n\t\t<title>Furnisher Services | UzturBg Skilled Labor Support<\/title>\n\n","aioseo_head_json":{"title":"Furnisher Services | UzturBg Skilled Labor Support","description":"UzturBg provides experienced furniture makers in the production and assembly of furniture in Bulgaria. Contact us now for professional workforce.","canonical_url":"https:\/\/www.uzturbg.com\/en\/our-services\/furniture\/","robots":"max-image-preview:large","keywords":"","webmasterTools":{"google-site-verification":"MHvpISurnkYGYh4_AvSRy-zXlydPhypISNfY-xavi3M","miscellaneous":""},"schema":{"@context":"https:\/\/schema.org","@graph":[{"@type":"BreadcrumbList","@id":"https:\/\/www.uzturbg.com\/en\/our-services\/furniture\/#breadcrumblist","itemListElement":[{"@type":"ListItem","@id":"https:\/\/www.uzturbg.com\/en\/#listItem","position":1,"name":"Home","item":"https:\/\/www.uzturbg.com\/en\/","nextItem":{"@type":"ListItem","@id":"https:\/\/www.uzturbg.com\/en\/our-services\/#listItem","name":"Our Services"}},{"@type":"ListItem","@id":"https:\/\/www.uzturbg.com\/en\/our-services\/#listItem","position":2,"name":"Our Services","item":"https:\/\/www.uzturbg.com\/en\/our-services\/","nextItem":{"@type":"ListItem","@id":"https:\/\/www.uzturbg.com\/en\/our-services\/furniture\/#listItem","name":"Furniture"},"previousItem":{"@type":"ListItem","@id":"https:\/\/www.uzturbg.com\/en\/#listItem","name":"Home"}},{"@type":"ListItem","@id":"https:\/\/www.uzturbg.com\/en\/our-services\/furniture\/#listItem","position":3,"name":"Furniture","previousItem":{"@type":"ListItem","@id":"https:\/\/www.uzturbg.com\/en\/our-services\/#listItem","name":"Our Services"}}]},{"@type":"Organization","@id":"https:\/\/www.uzturbg.com\/en\/#organization","name":"Uztur Bg","description":"Bulgaristan\u2019da kalifiye i\u015f g\u00fcc\u00fcyle bir ad\u0131m \u00f6nde!","url":"https:\/\/www.uzturbg.com\/en\/","telephone":"+359886964551","logo":{"@type":"ImageObject","url":"https:\/\/www.uzturbg.com\/wp-content\/uploads\/2024\/09\/uztur-logo-1.png","@id":"https:\/\/www.uzturbg.com\/en\/our-services\/furniture\/#organizationLogo","width":391,"height":106},"image":{"@id":"https:\/\/www.uzturbg.com\/en\/our-services\/furniture\/#organizationLogo"}},{"@type":"WebPage","@id":"https:\/\/www.uzturbg.com\/en\/our-services\/furniture\/#webpage","url":"https:\/\/www.uzturbg.com\/en\/our-services\/furniture\/","name":"Furnisher Services | UzturBg Skilled Labor Support","description":"UzturBg provides experienced furniture makers in the production and assembly of furniture in Bulgaria. Contact us now for professional workforce.","inLanguage":"en-US","isPartOf":{"@id":"https:\/\/www.uzturbg.com\/en\/#website"},"breadcrumb":{"@id":"https:\/\/www.uzturbg.com\/en\/our-services\/furniture\/#breadcrumblist"},"datePublished":"2024-09-29T18:40:42+03:00","dateModified":"2024-11-12T03:17:02+03:00"},{"@type":"WebSite","@id":"https:\/\/www.uzturbg.com\/en\/#website","url":"https:\/\/www.uzturbg.com\/en\/","name":"Uztur Bg","description":"Bulgaristan\u2019da kalifiye i\u015f g\u00fcc\u00fcyle bir ad\u0131m \u00f6nde!","inLanguage":"en-US","publisher":{"@id":"https:\/\/www.uzturbg.com\/en\/#organization"}}]},"og:locale":"en_US","og:site_name":"Uztur Bg - Bulgaristan\u2019da kalifiye i\u015f g\u00fcc\u00fcyle bir ad\u0131m \u00f6nde!","og:type":"article","og:title":"Furnisher Services | UzturBg Skilled Labor Support","og:description":"UzturBg provides experienced furniture makers in the production and assembly of furniture in Bulgaria. Contact us now for professional workforce.","og:url":"https:\/\/www.uzturbg.com\/en\/our-services\/furniture\/","og:image":"https:\/\/www.uzturbg.com\/wp-content\/uploads\/2024\/11\/service-engineer-installing-solar-cell-on-the-roof-2023-12-15-17-20-35-utc-scaled.gif","og:image:secure_url":"https:\/\/www.uzturbg.com\/wp-content\/uploads\/2024\/11\/service-engineer-installing-solar-cell-on-the-roof-2023-12-15-17-20-35-utc-scaled.gif","article:published_time":"2024-09-29T15:40:42+00:00","article:modified_time":"2024-11-12T00:17:02+00:00","twitter:card":"summary_large_image","twitter:title":"Furnisher Services | UzturBg Skilled Labor Support","twitter:description":"UzturBg provides experienced furniture makers in the production and assembly of furniture in Bulgaria. Contact us now for professional workforce.","twitter:image":"https:\/\/www.uzturbg.com\/wp-content\/uploads\/2024\/11\/service-engineer-installing-solar-cell-on-the-roof-2023-12-15-17-20-35-utc-scaled.gif"},"aioseo_meta_data":{"post_id":"3397","title":"Furnisher Services | UzturBg Skilled Labor Support","description":"UzturBg provides experienced furniture makers in the production and assembly of furniture in Bulgaria. Contact us now for professional workforce.","keywords":null,"keyphrases":{"focus":{"keyphrase":"","score":0,"analysis":{"keyphraseInTitle":{"score":0,"maxScore":9,"error":1}}},"additional":[]},"primary_term":null,"canonical_url":null,"og_title":null,"og_description":null,"og_object_type":"default","og_image_type":"default","og_image_url":null,"og_image_width":null,"og_image_height":null,"og_image_custom_url":null,"og_image_custom_fields":null,"og_video":"","og_custom_url":null,"og_article_section":null,"og_article_tags":null,"twitter_use_og":false,"twitter_card":"default","twitter_image_type":"default","twitter_image_url":null,"twitter_image_custom_url":null,"twitter_image_custom_fields":null,"twitter_title":null,"twitter_description":null,"schema":{"blockGraphs":[],"customGraphs":[],"default":{"data":{"Article":[],"Course":[],"Dataset":[],"FAQPage":[],"Movie":[],"Person":[],"Product":[],"ProductReview":[],"Car":[],"Recipe":[],"Service":[],"SoftwareApplication":[],"WebPage":[]},"graphName":"WebPage","isEnabled":true},"graphs":[]},"schema_type":"default","schema_type_options":null,"pillar_content":false,"robots_default":true,"robots_noindex":false,"robots_noarchive":false,"robots_nosnippet":false,"robots_nofollow":false,"robots_noimageindex":false,"robots_noodp":false,"robots_notranslate":false,"robots_max_snippet":"-1","robots_max_videopreview":"-1","robots_max_imagepreview":"large","priority":null,"frequency":"default","local_seo":null,"seo_analyzer_scan_date":"2025-08-15 10:43:44","breadcrumb_settings":null,"limit_modified_date":false,"reviewed_by":null,"open_ai":"{\"title\":{\"suggestions\":[],\"usage\":0},\"description\":{\"suggestions\":[],\"usage\":0}}","ai":null,"created":"2024-10-12 17:11:07","updated":"2025-10-22 22:11:29"},"aioseo_breadcrumb":"<div class=\"aioseo-breadcrumbs\"><span class=\"aioseo-breadcrumb\">\n\t<a href=\"https:\/\/www.uzturbg.com\/en\/\" title=\"Home\">Home<\/a>\n<\/span><span class=\"aioseo-breadcrumb-separator\">&raquo;<\/span><span class=\"aioseo-breadcrumb\">\n\t<a href=\"https:\/\/www.uzturbg.com\/en\/our-services\/\" title=\"Our Services\">Our Services<\/a>\n<\/span><span class=\"aioseo-breadcrumb-separator\">&raquo;<\/span><span class=\"aioseo-breadcrumb\">\n\tFurniture\n<\/span><\/div>","aioseo_breadcrumb_json":[{"label":"Home","link":"https:\/\/www.uzturbg.com\/en\/"},{"label":"Our Services","link":"https:\/\/www.uzturbg.com\/en\/our-services\/"},{"label":"Furniture","link":"https:\/\/www.uzturbg.com\/en\/our-services\/furniture\/"}],"_links":{"self":[{"href":"https:\/\/www.uzturbg.com\/en\/wp-json\/wp\/v2\/pages\/3397","targetHints":{"allow":["GET"]}}],"collection":[{"href":"https:\/\/www.uzturbg.com\/en\/wp-json\/wp\/v2\/pages"}],"about":[{"href":"https:\/\/www.uzturbg.com\/en\/wp-json\/wp\/v2\/types\/page"}],"author":[{"embeddable":true,"href":"https:\/\/www.uzturbg.com\/en\/wp-json\/wp\/v2\/users\/1"}],"replies":[{"embeddable":true,"href":"https:\/\/www.uzturbg.com\/en\/wp-json\/wp\/v2\/comments?post=3397"}],"version-history":[{"count":0,"href":"https:\/\/www.uzturbg.com\/en\/wp-json\/wp\/v2\/pages\/3397\/revisions"}],"up":[{"embeddable":true,"href":"https:\/\/www.uzturbg.com\/en\/wp-json\/wp\/v2\/pages\/3511"}],"wp:attachment":[{"href":"https:\/\/www.uzturbg.com\/en\/wp-json\/wp\/v2\/media?parent=3397"}],"curies":[{"name":"wp","href":"https:\/\/api.w.org\/{rel}","templated":true}]}}